{"id":2670,"date":"2022-04-14T09:25:21","date_gmt":"2022-04-14T09:25:21","guid":{"rendered":"https:\/\/maekolga.com\/?page_id=2670"},"modified":"2024-10-14T15:32:09","modified_gmt":"2024-10-14T12:32:09","slug":"saada-tagasiside","status":"publish","type":"page","link":"https:\/\/maekolga.com\/en\/saada-tagasiside\/","title":{"rendered":"Saada tagasiside"},"content":{"rendered":"<div data-elementor-type=\"wp-page\" data-elementor-id=\"2670\" class=\"elementor elementor-2670\">\n\t\t\t\t\t\t<section class=\"elementor-section elementor-top-section elementor-element elementor-element-1616256 elementor-section-boxed elementor-section-height-default elementor-section-height-default\" data-id=\"1616256\" data-element_type=\"section\">\n\t\t\t\t\t\t<div class=\"elementor-container elementor-column-gap-default\">\n\t\t\t\t\t<div class=\"elementor-column elementor-col-100 elementor-top-column elementor-element elementor-element-f881c2a\" data-id=\"f881c2a\" data-element_type=\"column\">\n\t\t\t<div class=\"elementor-widget-wrap elementor-element-populated\">\n\t\t\t\t\t\t<div class=\"elementor-element elementor-element-69d74a0 elementor-widget elementor-widget-spacer\" data-id=\"69d74a0\" data-element_type=\"widget\" data-widget_type=\"spacer.default\">\n\t\t\t\t<div class=\"elementor-widget-container\">\n\t\t\t\t\t\t\t<div class=\"elementor-spacer\">\n\t\t\t<div class=\"elementor-spacer-inner\"><\/div>\n\t\t<\/div>\n\t\t\t\t\t\t<\/div>\n\t\t\t\t<\/div>\n\t\t\t\t<div class=\"elementor-element elementor-element-1af3a81 elementor-widget elementor-widget-heading\" data-id=\"1af3a81\" data-element_type=\"widget\" data-widget_type=\"heading.default\">\n\t\t\t\t<div class=\"elementor-widget-container\">\n\t\t\t\t\t<h2 class=\"elementor-heading-title elementor-size-default\">Saada tagasiside meilile!<\/h2>\t\t\t\t<\/div>\n\t\t\t\t<\/div>\n\t\t\t\t<div class=\"elementor-element elementor-element-f3d97c9 elementor-widget elementor-widget-text-editor\" data-id=\"f3d97c9\" data-element_type=\"widget\" data-widget_type=\"text-editor.default\">\n\t\t\t\t<div class=\"elementor-widget-container\">\n\t\t\t\t\t\t\t\t\t<p>\u00d6\u00f6bimiskogemuse tagasiside andmine on oluline nii meile kui ka meie tulevastele k\u00fclastajatele. <br \/>Selle p\u00f5hjal saame vastu v\u00f5tta uusi otsuseid ning pakkuda edaspidi paremat teenust!<br \/><br \/><\/p><p>Oma austad tagasisidet saad meiega jagada l\u00e4bi alloleva vormi:\u00a0<\/p>\t\t\t\t\t\t\t\t<\/div>\n\t\t\t\t<\/div>\n\t\t\t\t\t<\/div>\n\t\t<\/div>\n\t\t\t\t\t<\/div>\n\t\t<\/section>\n\t\t\t\t<section class=\"elementor-section elementor-top-section elementor-element elementor-element-76c1f5b elementor-section-boxed elementor-section-height-default elementor-section-height-default\" data-id=\"76c1f5b\" data-element_type=\"section\">\n\t\t\t\t\t\t<div class=\"elementor-container elementor-column-gap-default\">\n\t\t\t\t\t<div class=\"elementor-column elementor-col-100 elementor-top-column elementor-element elementor-element-c77c975\" data-id=\"c77c975\" data-element_type=\"column\">\n\t\t\t<div class=\"elementor-widget-wrap elementor-element-populated\">\n\t\t\t\t\t\t<div class=\"elementor-element elementor-element-20252e1 premium-cf7-button-fwidth-yes elementor-widget elementor-widget-premium-contact-form\" data-id=\"20252e1\" data-element_type=\"widget\" data-widget_type=\"premium-contact-form.default\">\n\t\t\t\t<div class=\"elementor-widget-container\">\n\t\t\t\t\t\n\t\t\t\n\t\t\t<div class=\"premium-cf7-container\" data-settings=\"{&quot;fields_glass&quot;:&quot;none&quot;,&quot;submit_glass&quot;:&quot;none&quot;}\">\n\t\t\t\t\n<div class=\"wpcf7 no-js\" id=\"wpcf7-f2669-o1\" lang=\"et\" dir=\"ltr\" data-wpcf7-id=\"2669\">\n<div class=\"screen-reader-response\"><p role=\"status\" aria-live=\"polite\" aria-atomic=\"true\"><\/p> <ul><\/ul><\/div>\n<form action=\"\/en\/wp-json\/wp\/v2\/pages\/2670#wpcf7-f2669-o1\" method=\"post\" class=\"wpcf7-form init\" aria-label=\"Contact form\" novalidate=\"novalidate\" data-status=\"init\" data-trp-original-action=\"\/en\/wp-json\/wp\/v2\/pages\/2670#wpcf7-f2669-o1\">\n<fieldset class=\"hidden-fields-container\"><input type=\"hidden\" name=\"_wpcf7\" value=\"2669\" \/><input type=\"hidden\" name=\"_wpcf7_version\" value=\"6.1.1\" \/><input type=\"hidden\" name=\"_wpcf7_locale\" value=\"et\" \/><input type=\"hidden\" name=\"_wpcf7_unit_tag\" value=\"wpcf7-f2669-o1\" \/><input type=\"hidden\" name=\"_wpcf7_container_post\" value=\"0\" \/><input type=\"hidden\" name=\"_wpcf7_posted_data_hash\" value=\"\" \/>\n<\/fieldset>\n<p><label> Sinu nimi*<br \/>\n<span class=\"wpcf7-form-control-wrap\" data-name=\"nimi\"><input size=\"40\" maxlength=\"400\" class=\"wpcf7-form-control wpcf7-text wpcf7-validates-as-required\" aria-required=\"true\" aria-invalid=\"false\" value=\"\" type=\"text\" name=\"nimi\" \/><\/span> <\/label>\n<\/p>\n<p><label> Kas soovid j\u00e4\u00e4da anon\u00fc\u00fcmseks?* <\/label><br \/>\n<span class=\"wpcf7-form-control-wrap\" data-name=\"anonuumne\"><span class=\"wpcf7-form-control wpcf7-checkbox wpcf7-validates-as-required wpcf7-exclusive-checkbox\"><span class=\"wpcf7-list-item first\"><label><input type=\"checkbox\" name=\"anonuumne\" value=\"Jah\" \/><span class=\"wpcf7-list-item-label\">Jah<\/span><\/label><\/span><span class=\"wpcf7-list-item last\"><label><input type=\"checkbox\" name=\"anonuumne\" value=\"EI\" \/><span class=\"wpcf7-list-item-label\">EI<\/span><\/label><\/span><\/span><\/span>\n<\/p>\n<p><label> Sinu e-mail*<br \/>\n<span class=\"wpcf7-form-control-wrap\" data-name=\"email\"><input size=\"40\" maxlength=\"400\" class=\"wpcf7-form-control wpcf7-email wpcf7-validates-as-required wpcf7-text wpcf7-validates-as-email\" aria-required=\"true\" aria-invalid=\"false\" value=\"\" type=\"email\" name=\"email\" \/><\/span> <\/label>\n<\/p>\n<p><label> Tagasiside*<br \/>\n<span class=\"wpcf7-form-control-wrap\" data-name=\"tagasiside\"><textarea cols=\"40\" rows=\"10\" maxlength=\"2000\" class=\"wpcf7-form-control wpcf7-textarea wpcf7-validates-as-required\" aria-required=\"true\" aria-invalid=\"false\" name=\"tagasiside\"><\/textarea><\/span> <\/label>\n<\/p>\n<p><input class=\"wpcf7-form-control wpcf7-submit has-spinner\" type=\"submit\" value=\"Saada\" \/>\n<\/p><p style=\"display: none !important;\" class=\"akismet-fields-container\" data-prefix=\"_wpcf7_ak_\"><label>&#916;<textarea name=\"_wpcf7_ak_hp_textarea\" cols=\"45\" rows=\"8\" maxlength=\"100\"><\/textarea><\/label><input type=\"hidden\" id=\"ak_js_1\" name=\"_wpcf7_ak_js\" value=\"86\"\/><script>document.getElementById( \"ak_js_1\" ).setAttribute( \"value\", ( new Date() ).getTime() );<\/script><\/p><div class=\"wpcf7-response-output\" aria-hidden=\"true\"><\/div>\n<input type=\"hidden\" name=\"trp-form-language\" value=\"en\"\/><\/form>\n<\/div>\n\t\t\t<\/div>\n\n\t\t\t\t\t\t\t<\/div>\n\t\t\t\t<\/div>\n\t\t\t\t\t<\/div>\n\t\t<\/div>\n\t\t\t\t\t<\/div>\n\t\t<\/section>\n\t\t\t\t<\/div>","protected":false},"excerpt":{"rendered":"<p>Saada tagasiside meilile! \u00d6\u00f6bimiskogemuse tagasiside andmine on oluline nii meile kui ka meie tulevastele k\u00fclastajatele. Selle p\u00f5hjal saame vastu v\u00f5tta uusi otsuseid ning pakkuda edaspidi paremat teenust! Oma austad tagasisidet saad meiega jagada l\u00e4bi alloleva vormi:\u00a0 Sinu nimi* Kas soovid j\u00e4\u00e4da anon\u00fc\u00fcmseks?* JahEI Sinu e-mail* Tagasiside* &#916;<\/p>","protected":false},"author":2,"featured_media":0,"parent":0,"menu_order":0,"comment_status":"closed","ping_status":"closed","template":"","meta":{"site-sidebar-layout":"no-sidebar","site-content-layout":"page-builder","ast-site-content-layout":"default","site-content-style":"default","site-sidebar-style":"default","ast-global-header-display":"","ast-banner-title-visibility":"","ast-main-header-display":"","ast-hfb-above-header-display":"","ast-hfb-below-header-display":"","ast-hfb-mobile-header-display":"","site-post-title":"disabled","ast-breadcrumbs-content":"","ast-featured-img":"disabled","footer-sml-layout":"","theme-transparent-header-meta":"","adv-header-id-meta":"","stick-header-meta":"","header-above-stick-meta":"","header-main-stick-meta":"","header-below-stick-meta":"","astra-migrate-meta-layouts":"default","ast-page-background-enabled":"default","ast-page-background-meta":{"desktop":{"background-color":"var(--ast-global-color-4)","background-image":"","background-repeat":"repeat","background-position":"center center","background-size":"auto","background-attachment":"scroll","background-type":"","background-media":"","overlay-type":"","overlay-color":"","overlay-opacity":"","overlay-gradient":""},"tablet":{"background-color":"","background-image":"","background-repeat":"repeat","background-position":"center center","background-size":"auto","background-attachment":"scroll","background-type":"","background-media":"","overlay-type":"","overlay-color":"","overlay-opacity":"","overlay-gradient":""},"mobile":{"background-color":"","background-image":"","background-repeat":"repeat","background-position":"center center","background-size":"auto","background-attachment":"scroll","background-type":"","background-media":"","overlay-type":"","overlay-color":"","overlay-opacity":"","overlay-gradient":""}},"ast-content-background-meta":{"desktop":{"background-color":"var(--ast-global-color-5)","background-image":"","background-repeat":"repeat","background-position":"center center","background-size":"auto","background-attachment":"scroll","background-type":"","background-media":"","overlay-type":"","overlay-color":"","overlay-opacity":"","overlay-gradient":""},"tablet":{"background-color":"var(--ast-global-color-5)","background-image":"","background-repeat":"repeat","background-position":"center center","background-size":"auto","background-attachment":"scroll","background-type":"","background-media":"","overlay-type":"","overlay-color":"","overlay-opacity":"","overlay-gradient":""},"mobile":{"background-color":"var(--ast-global-color-5)","background-image":"","background-repeat":"repeat","background-position":"center center","background-size":"auto","background-attachment":"scroll","background-type":"","background-media":"","overlay-type":"","overlay-color":"","overlay-opacity":"","overlay-gradient":""}},"footnotes":""},"class_list":["post-2670","page","type-page","status-publish","hentry"],"yoast_head":"<!-- This site is optimized with the Yoast SEO plugin v26.0 - https:\/\/yoast.com\/wordpress\/plugins\/seo\/ -->\n<title>Saada tagasiside - M\u00e4e-Kolga talu<\/title>\n<meta name=\"robots\" content=\"index, follow, max-snippet:-1, max-image-preview:large, max-video-preview:-1\" \/>\n<link rel=\"canonical\" href=\"https:\/\/maekolga.com\/en\/saada-tagasiside\/\" \/>\n<meta property=\"og:locale\" content=\"en_GB\" \/>\n<meta property=\"og:type\" content=\"article\" \/>\n<meta property=\"og:title\" content=\"Saada tagasiside - M\u00e4e-Kolga talu\" \/>\n<meta property=\"og:description\" content=\"Saada tagasiside meilile! \u00d6\u00f6bimiskogemuse tagasiside andmine on oluline nii meile kui ka meie tulevastele k\u00fclastajatele. Selle p\u00f5hjal saame vastu v\u00f5tta uusi otsuseid ning pakkuda edaspidi paremat teenust! Oma austad tagasisidet saad meiega jagada l\u00e4bi alloleva vormi:\u00a0 Sinu nimi* Kas soovid j\u00e4\u00e4da anon\u00fc\u00fcmseks?* JahEI Sinu e-mail* Tagasiside* &#916;\" \/>\n<meta property=\"og:url\" content=\"https:\/\/maekolga.com\/en\/saada-tagasiside\/\" \/>\n<meta property=\"og:site_name\" content=\"M\u00e4e-Kolga talu\" \/>\n<meta property=\"article:publisher\" content=\"https:\/\/www.facebook.com\/maekolgatalu\" \/>\n<meta property=\"article:modified_time\" content=\"2024-10-14T12:32:09+00:00\" \/>\n<meta name=\"twitter:card\" content=\"summary_large_image\" \/>\n<script type=\"application\/ld+json\" class=\"yoast-schema-graph\">{\"@context\":\"https:\/\/schema.org\",\"@graph\":[{\"@type\":\"WebPage\",\"@id\":\"https:\/\/maekolga.com\/saada-tagasiside\/\",\"url\":\"https:\/\/maekolga.com\/saada-tagasiside\/\",\"name\":\"Saada tagasiside - M\u00e4e-Kolga talu\",\"isPartOf\":{\"@id\":\"https:\/\/maekolga.com\/en\/#website\"},\"datePublished\":\"2022-04-14T09:25:21+00:00\",\"dateModified\":\"2024-10-14T12:32:09+00:00\",\"breadcrumb\":{\"@id\":\"https:\/\/maekolga.com\/saada-tagasiside\/#breadcrumb\"},\"inLanguage\":\"en-GB\",\"potentialAction\":[{\"@type\":\"ReadAction\",\"target\":[\"https:\/\/maekolga.com\/saada-tagasiside\/\"]}]},{\"@type\":\"BreadcrumbList\",\"@id\":\"https:\/\/maekolga.com\/saada-tagasiside\/#breadcrumb\",\"itemListElement\":[{\"@type\":\"ListItem\",\"position\":1,\"name\":\"Home\",\"item\":\"https:\/\/maekolga.com\/\"},{\"@type\":\"ListItem\",\"position\":2,\"name\":\"Saada tagasiside\"}]},{\"@type\":\"WebSite\",\"@id\":\"https:\/\/maekolga.com\/en\/#website\",\"url\":\"https:\/\/maekolga.com\/en\/\",\"name\":\"M\u00e4e-Kolga talu\",\"description\":\"romantiline majutus L\u00f5una-Eestis\",\"publisher\":{\"@id\":\"https:\/\/maekolga.com\/en\/#organization\"},\"potentialAction\":[{\"@type\":\"SearchAction\",\"target\":{\"@type\":\"EntryPoint\",\"urlTemplate\":\"https:\/\/maekolga.com\/en\/?s={search_term_string}\"},\"query-input\":{\"@type\":\"PropertyValueSpecification\",\"valueRequired\":true,\"valueName\":\"search_term_string\"}}],\"inLanguage\":\"en-GB\"},{\"@type\":\"Organization\",\"@id\":\"https:\/\/maekolga.com\/en\/#organization\",\"name\":\"M\u00e4e-Kolga talu O\u00dc\",\"url\":\"https:\/\/maekolga.com\/en\/\",\"logo\":{\"@type\":\"ImageObject\",\"inLanguage\":\"en-GB\",\"@id\":\"https:\/\/maekolga.com\/en\/#\/schema\/logo\/image\/\",\"url\":\"https:\/\/maekolga.com\/wp-content\/uploads\/2025\/01\/Mae-Kolga-talu-logo.png\",\"contentUrl\":\"https:\/\/maekolga.com\/wp-content\/uploads\/2025\/01\/Mae-Kolga-talu-logo.png\",\"width\":512,\"height\":512,\"caption\":\"M\u00e4e-Kolga talu O\u00dc\"},\"image\":{\"@id\":\"https:\/\/maekolga.com\/en\/#\/schema\/logo\/image\/\"},\"sameAs\":[\"https:\/\/www.facebook.com\/maekolgatalu\",\"https:\/\/www.instagram.com\/maekolga\/\"]}]}<\/script>\n<!-- \/ Yoast SEO plugin. -->","yoast_head_json":{"title":"Saada tagasiside - M\u00e4e-Kolga talu","robots":{"index":"index","follow":"follow","max-snippet":"max-snippet:-1","max-image-preview":"max-image-preview:large","max-video-preview":"max-video-preview:-1"},"canonical":"https:\/\/maekolga.com\/en\/saada-tagasiside\/","og_locale":"en_GB","og_type":"article","og_title":"Saada tagasiside - M\u00e4e-Kolga talu","og_description":"Saada tagasiside meilile! \u00d6\u00f6bimiskogemuse tagasiside andmine on oluline nii meile kui ka meie tulevastele k\u00fclastajatele. Selle p\u00f5hjal saame vastu v\u00f5tta uusi otsuseid ning pakkuda edaspidi paremat teenust! Oma austad tagasisidet saad meiega jagada l\u00e4bi alloleva vormi:\u00a0 Sinu nimi* Kas soovid j\u00e4\u00e4da anon\u00fc\u00fcmseks?* JahEI Sinu e-mail* Tagasiside* &#916;","og_url":"https:\/\/maekolga.com\/en\/saada-tagasiside\/","og_site_name":"M\u00e4e-Kolga talu","article_publisher":"https:\/\/www.facebook.com\/maekolgatalu","article_modified_time":"2024-10-14T12:32:09+00:00","twitter_card":"summary_large_image","schema":{"@context":"https:\/\/schema.org","@graph":[{"@type":"WebPage","@id":"https:\/\/maekolga.com\/saada-tagasiside\/","url":"https:\/\/maekolga.com\/saada-tagasiside\/","name":"Saada tagasiside - M\u00e4e-Kolga talu","isPartOf":{"@id":"https:\/\/maekolga.com\/en\/#website"},"datePublished":"2022-04-14T09:25:21+00:00","dateModified":"2024-10-14T12:32:09+00:00","breadcrumb":{"@id":"https:\/\/maekolga.com\/saada-tagasiside\/#breadcrumb"},"inLanguage":"en-GB","potentialAction":[{"@type":"ReadAction","target":["https:\/\/maekolga.com\/saada-tagasiside\/"]}]},{"@type":"BreadcrumbList","@id":"https:\/\/maekolga.com\/saada-tagasiside\/#breadcrumb","itemListElement":[{"@type":"ListItem","position":1,"name":"Home","item":"https:\/\/maekolga.com\/"},{"@type":"ListItem","position":2,"name":"Saada tagasiside"}]},{"@type":"WebSite","@id":"https:\/\/maekolga.com\/en\/#website","url":"https:\/\/maekolga.com\/en\/","name":"M\u00e4e-Kolga talu","description":"romantiline majutus L\u00f5una-Eestis","publisher":{"@id":"https:\/\/maekolga.com\/en\/#organization"},"potentialAction":[{"@type":"SearchAction","target":{"@type":"EntryPoint","urlTemplate":"https:\/\/maekolga.com\/en\/?s={search_term_string}"},"query-input":{"@type":"PropertyValueSpecification","valueRequired":true,"valueName":"search_term_string"}}],"inLanguage":"en-GB"},{"@type":"Organization","@id":"https:\/\/maekolga.com\/en\/#organization","name":"M\u00e4e-Kolga talu O\u00dc","url":"https:\/\/maekolga.com\/en\/","logo":{"@type":"ImageObject","inLanguage":"en-GB","@id":"https:\/\/maekolga.com\/en\/#\/schema\/logo\/image\/","url":"https:\/\/maekolga.com\/wp-content\/uploads\/2025\/01\/Mae-Kolga-talu-logo.png","contentUrl":"https:\/\/maekolga.com\/wp-content\/uploads\/2025\/01\/Mae-Kolga-talu-logo.png","width":512,"height":512,"caption":"M\u00e4e-Kolga talu O\u00dc"},"image":{"@id":"https:\/\/maekolga.com\/en\/#\/schema\/logo\/image\/"},"sameAs":["https:\/\/www.facebook.com\/maekolgatalu","https:\/\/www.instagram.com\/maekolga\/"]}]}},"jetpack_sharing_enabled":true,"_links":{"self":[{"href":"https:\/\/maekolga.com\/en\/wp-json\/wp\/v2\/pages\/2670","targetHints":{"allow":["GET"]}}],"collection":[{"href":"https:\/\/maekolga.com\/en\/wp-json\/wp\/v2\/pages"}],"about":[{"href":"https:\/\/maekolga.com\/en\/wp-json\/wp\/v2\/types\/page"}],"author":[{"embeddable":true,"href":"https:\/\/maekolga.com\/en\/wp-json\/wp\/v2\/users\/2"}],"replies":[{"embeddable":true,"href":"https:\/\/maekolga.com\/en\/wp-json\/wp\/v2\/comments?post=2670"}],"version-history":[{"count":10,"href":"https:\/\/maekolga.com\/en\/wp-json\/wp\/v2\/pages\/2670\/revisions"}],"predecessor-version":[{"id":15547,"href":"https:\/\/maekolga.com\/en\/wp-json\/wp\/v2\/pages\/2670\/revisions\/15547"}],"wp:attachment":[{"href":"https:\/\/maekolga.com\/en\/wp-json\/wp\/v2\/media?parent=2670"}],"curies":[{"name":"wp","href":"https:\/\/api.w.org\/{rel}","templated":true}]}}