{"id":1518,"date":"2022-03-02T12:00:45","date_gmt":"2022-03-02T12:00:45","guid":{"rendered":"https:\/\/maekolga.com\/booking-confirmation\/booking-confirmed\/"},"modified":"2024-10-14T15:37:39","modified_gmt":"2024-10-14T12:37:39","slug":"kinnitamine","status":"publish","type":"page","link":"https:\/\/maekolga.com\/en\/broneeringu-kinnitamine\/kinnitamine\/","title":{"rendered":"Broneeringu kinnitamine"},"content":{"rendered":"<p>Suur-suur t\u00e4nu broneeringu eest! Saatsime Teie e-postile ka kinnituskirja (palun kontrolli ka r\u00e4mpsposti ja reklaami kausta).<\/p>\n\n\n\n<p><\/p>\n\n\n\n<p class=\"has-vivid-red-color has-text-color\">\u2192 Romantikapaketis saabumine kell 18:00, lahkumine hiljemalt kell 15:00.<br>\u2192 Energiapaketis saabumine kell 17:00, lahkumine hiljemalt kell 14:00.<br>\u2192 Kuldpaketis&nbsp;saabumine kell 16:00, lahkumine hiljemalt 12:00.<\/p>\n\n\n\n<p>Hilisemast saabumisest palume eelnevalt teavitada.<br>Kontaktid leiad <strong><a href=\"https:\/\/maekolga.com\/en\/kontakt\/\" target=\"_blank\" rel=\"noreferrer noopener\">SIIT <\/a><\/strong><\/p>\n\n\n\n<p>P\u00f5nevate kohtumisteni M\u00e4e-Kolga talus!<\/p>\n\n\n<div class=\"mphb_sc_booking_confirmation\"><\/div>\n\n\n<p><\/p>","protected":false},"excerpt":{"rendered":"<p>Suur-suur t\u00e4nu broneeringu eest! Saatsime Teie e-postile ka kinnituskirja (palun kontrolli ka r\u00e4mpsposti ja reklaami kausta). \u2192 Romantikapaketis saabumine kell 18:00, lahkumine hiljemalt kell 15:00.\u2192 Energiapaketis saabumine kell 17:00, lahkumine hiljemalt kell 14:00.\u2192 Kuldpaketis&nbsp;saabumine kell 16:00, lahkumine hiljemalt 12:00. Hilisemast saabumisest palume eelnevalt teavitada.Kontaktid leiad SIIT P\u00f5nevate kohtumisteni M\u00e4e-Kolga talus!<\/p>","protected":false},"author":2,"featured_media":0,"parent":1517,"menu_order":0,"comment_status":"closed","ping_status":"closed","template":"elementor_header_footer","meta":{"site-sidebar-layout":"default","site-content-layout":"","ast-site-content-layout":"default","site-content-style":"default","site-sidebar-style":"default","ast-global-header-display":"","ast-banner-title-visibility":"","ast-main-header-display":"","ast-hfb-above-header-display":"","ast-hfb-below-header-display":"","ast-hfb-mobile-header-display":"","site-post-title":"","ast-breadcrumbs-content":"","ast-featured-img":"","footer-sml-layout":"","theme-transparent-header-meta":"","adv-header-id-meta":"","stick-header-meta":"","header-above-stick-meta":"","header-main-stick-meta":"","header-below-stick-meta":"","astra-migrate-meta-layouts":"set","ast-page-background-enabled":"default","ast-page-background-meta":{"desktop":{"background-color":"var(--ast-global-color-4)","background-image":"","background-repeat":"repeat","background-position":"center center","background-size":"auto","background-attachment":"scroll","background-type":"","background-media":"","overlay-type":"","overlay-color":"","overlay-opacity":"","overlay-gradient":""},"tablet":{"background-color":"","background-image":"","background-repeat":"repeat","background-position":"center center","background-size":"auto","background-attachment":"scroll","background-type":"","background-media":"","overlay-type":"","overlay-color":"","overlay-opacity":"","overlay-gradient":""},"mobile":{"background-color":"","background-image":"","background-repeat":"repeat","background-position":"center center","background-size":"auto","background-attachment":"scroll","background-type":"","background-media":"","overlay-type":"","overlay-color":"","overlay-opacity":"","overlay-gradient":""}},"ast-content-background-meta":{"desktop":{"background-color":"var(--ast-global-color-5)","background-image":"","background-repeat":"repeat","background-position":"center center","background-size":"auto","background-attachment":"scroll","background-type":"","background-media":"","overlay-type":"","overlay-color":"","overlay-opacity":"","overlay-gradient":""},"tablet":{"background-color":"var(--ast-global-color-5)","background-image":"","background-repeat":"repeat","background-position":"center center","background-size":"auto","background-attachment":"scroll","background-type":"","background-media":"","overlay-type":"","overlay-color":"","overlay-opacity":"","overlay-gradient":""},"mobile":{"background-color":"var(--ast-global-color-5)","background-image":"","background-repeat":"repeat","background-position":"center center","background-size":"auto","background-attachment":"scroll","background-type":"","background-media":"","overlay-type":"","overlay-color":"","overlay-opacity":"","overlay-gradient":""}},"footnotes":""},"class_list":["post-1518","page","type-page","status-publish","hentry"],"yoast_head":"<!-- This site is optimized with the Yoast SEO plugin v26.0 - https:\/\/yoast.com\/wordpress\/plugins\/seo\/ -->\n<title>Broneeringu kinnitamine - M\u00e4e-Kolga talu<\/title>\n<meta name=\"robots\" content=\"index, follow, max-snippet:-1, max-image-preview:large, max-video-preview:-1\" \/>\n<link rel=\"canonical\" href=\"https:\/\/maekolga.com\/en\/broneeringu-kinnitamine\/kinnitamine\/\" \/>\n<meta property=\"og:locale\" content=\"en_GB\" \/>\n<meta property=\"og:type\" content=\"article\" \/>\n<meta property=\"og:title\" content=\"Broneeringu kinnitamine - M\u00e4e-Kolga talu\" \/>\n<meta property=\"og:description\" content=\"Suur-suur t\u00e4nu broneeringu eest! Saatsime Teie e-postile ka kinnituskirja (palun kontrolli ka r\u00e4mpsposti ja reklaami kausta). \u2192 Romantikapaketis saabumine kell 18:00, lahkumine hiljemalt kell 15:00.\u2192 Energiapaketis saabumine kell 17:00, lahkumine hiljemalt kell 14:00.\u2192 Kuldpaketis&nbsp;saabumine kell 16:00, lahkumine hiljemalt 12:00. Hilisemast saabumisest palume eelnevalt teavitada.Kontaktid leiad SIIT P\u00f5nevate kohtumisteni M\u00e4e-Kolga talus!\" \/>\n<meta property=\"og:url\" content=\"https:\/\/maekolga.com\/en\/broneeringu-kinnitamine\/kinnitamine\/\" \/>\n<meta property=\"og:site_name\" content=\"M\u00e4e-Kolga talu\" \/>\n<meta property=\"article:publisher\" content=\"https:\/\/www.facebook.com\/maekolgatalu\" \/>\n<meta property=\"article:modified_time\" content=\"2024-10-14T12:37:39+00:00\" \/>\n<meta name=\"twitter:card\" content=\"summary_large_image\" \/>\n<script type=\"application\/ld+json\" class=\"yoast-schema-graph\">{\"@context\":\"https:\/\/schema.org\",\"@graph\":[{\"@type\":\"WebPage\",\"@id\":\"https:\/\/maekolga.com\/broneeringu-kinnitamine\/kinnitamine\/\",\"url\":\"https:\/\/maekolga.com\/broneeringu-kinnitamine\/kinnitamine\/\",\"name\":\"Broneeringu kinnitamine - M\u00e4e-Kolga talu\",\"isPartOf\":{\"@id\":\"https:\/\/maekolga.com\/en\/#website\"},\"datePublished\":\"2022-03-02T12:00:45+00:00\",\"dateModified\":\"2024-10-14T12:37:39+00:00\",\"breadcrumb\":{\"@id\":\"https:\/\/maekolga.com\/broneeringu-kinnitamine\/kinnitamine\/#breadcrumb\"},\"inLanguage\":\"en-GB\",\"potentialAction\":[{\"@type\":\"ReadAction\",\"target\":[\"https:\/\/maekolga.com\/broneeringu-kinnitamine\/kinnitamine\/\"]}]},{\"@type\":\"BreadcrumbList\",\"@id\":\"https:\/\/maekolga.com\/broneeringu-kinnitamine\/kinnitamine\/#breadcrumb\",\"itemListElement\":[{\"@type\":\"ListItem\",\"position\":1,\"name\":\"Home\",\"item\":\"https:\/\/maekolga.com\/\"},{\"@type\":\"ListItem\",\"position\":2,\"name\":\"Broneeringu kinnitamine\",\"item\":\"https:\/\/maekolga.com\/broneeringu-kinnitamine\/\"},{\"@type\":\"ListItem\",\"position\":3,\"name\":\"Broneeringu kinnitamine\"}]},{\"@type\":\"WebSite\",\"@id\":\"https:\/\/maekolga.com\/en\/#website\",\"url\":\"https:\/\/maekolga.com\/en\/\",\"name\":\"M\u00e4e-Kolga talu\",\"description\":\"romantiline majutus L\u00f5una-Eestis\",\"publisher\":{\"@id\":\"https:\/\/maekolga.com\/en\/#organization\"},\"potentialAction\":[{\"@type\":\"SearchAction\",\"target\":{\"@type\":\"EntryPoint\",\"urlTemplate\":\"https:\/\/maekolga.com\/en\/?s={search_term_string}\"},\"query-input\":{\"@type\":\"PropertyValueSpecification\",\"valueRequired\":true,\"valueName\":\"search_term_string\"}}],\"inLanguage\":\"en-GB\"},{\"@type\":\"Organization\",\"@id\":\"https:\/\/maekolga.com\/en\/#organization\",\"name\":\"M\u00e4e-Kolga talu O\u00dc\",\"url\":\"https:\/\/maekolga.com\/en\/\",\"logo\":{\"@type\":\"ImageObject\",\"inLanguage\":\"en-GB\",\"@id\":\"https:\/\/maekolga.com\/en\/#\/schema\/logo\/image\/\",\"url\":\"https:\/\/maekolga.com\/wp-content\/uploads\/2025\/01\/Mae-Kolga-talu-logo.png\",\"contentUrl\":\"https:\/\/maekolga.com\/wp-content\/uploads\/2025\/01\/Mae-Kolga-talu-logo.png\",\"width\":512,\"height\":512,\"caption\":\"M\u00e4e-Kolga talu O\u00dc\"},\"image\":{\"@id\":\"https:\/\/maekolga.com\/en\/#\/schema\/logo\/image\/\"},\"sameAs\":[\"https:\/\/www.facebook.com\/maekolgatalu\",\"https:\/\/www.instagram.com\/maekolga\/\"]}]}<\/script>\n<!-- \/ Yoast SEO plugin. -->","yoast_head_json":{"title":"Broneeringu kinnitamine - M\u00e4e-Kolga talu","robots":{"index":"index","follow":"follow","max-snippet":"max-snippet:-1","max-image-preview":"max-image-preview:large","max-video-preview":"max-video-preview:-1"},"canonical":"https:\/\/maekolga.com\/en\/broneeringu-kinnitamine\/kinnitamine\/","og_locale":"en_GB","og_type":"article","og_title":"Broneeringu kinnitamine - M\u00e4e-Kolga talu","og_description":"Suur-suur t\u00e4nu broneeringu eest! Saatsime Teie e-postile ka kinnituskirja (palun kontrolli ka r\u00e4mpsposti ja reklaami kausta). \u2192 Romantikapaketis saabumine kell 18:00, lahkumine hiljemalt kell 15:00.\u2192 Energiapaketis saabumine kell 17:00, lahkumine hiljemalt kell 14:00.\u2192 Kuldpaketis&nbsp;saabumine kell 16:00, lahkumine hiljemalt 12:00. Hilisemast saabumisest palume eelnevalt teavitada.Kontaktid leiad SIIT P\u00f5nevate kohtumisteni M\u00e4e-Kolga talus!","og_url":"https:\/\/maekolga.com\/en\/broneeringu-kinnitamine\/kinnitamine\/","og_site_name":"M\u00e4e-Kolga talu","article_publisher":"https:\/\/www.facebook.com\/maekolgatalu","article_modified_time":"2024-10-14T12:37:39+00:00","twitter_card":"summary_large_image","schema":{"@context":"https:\/\/schema.org","@graph":[{"@type":"WebPage","@id":"https:\/\/maekolga.com\/broneeringu-kinnitamine\/kinnitamine\/","url":"https:\/\/maekolga.com\/broneeringu-kinnitamine\/kinnitamine\/","name":"Broneeringu kinnitamine - M\u00e4e-Kolga talu","isPartOf":{"@id":"https:\/\/maekolga.com\/en\/#website"},"datePublished":"2022-03-02T12:00:45+00:00","dateModified":"2024-10-14T12:37:39+00:00","breadcrumb":{"@id":"https:\/\/maekolga.com\/broneeringu-kinnitamine\/kinnitamine\/#breadcrumb"},"inLanguage":"en-GB","potentialAction":[{"@type":"ReadAction","target":["https:\/\/maekolga.com\/broneeringu-kinnitamine\/kinnitamine\/"]}]},{"@type":"BreadcrumbList","@id":"https:\/\/maekolga.com\/broneeringu-kinnitamine\/kinnitamine\/#breadcrumb","itemListElement":[{"@type":"ListItem","position":1,"name":"Home","item":"https:\/\/maekolga.com\/"},{"@type":"ListItem","position":2,"name":"Broneeringu kinnitamine","item":"https:\/\/maekolga.com\/broneeringu-kinnitamine\/"},{"@type":"ListItem","position":3,"name":"Broneeringu kinnitamine"}]},{"@type":"WebSite","@id":"https:\/\/maekolga.com\/en\/#website","url":"https:\/\/maekolga.com\/en\/","name":"M\u00e4e-Kolga talu","description":"romantiline majutus L\u00f5una-Eestis","publisher":{"@id":"https:\/\/maekolga.com\/en\/#organization"},"potentialAction":[{"@type":"SearchAction","target":{"@type":"EntryPoint","urlTemplate":"https:\/\/maekolga.com\/en\/?s={search_term_string}"},"query-input":{"@type":"PropertyValueSpecification","valueRequired":true,"valueName":"search_term_string"}}],"inLanguage":"en-GB"},{"@type":"Organization","@id":"https:\/\/maekolga.com\/en\/#organization","name":"M\u00e4e-Kolga talu O\u00dc","url":"https:\/\/maekolga.com\/en\/","logo":{"@type":"ImageObject","inLanguage":"en-GB","@id":"https:\/\/maekolga.com\/en\/#\/schema\/logo\/image\/","url":"https:\/\/maekolga.com\/wp-content\/uploads\/2025\/01\/Mae-Kolga-talu-logo.png","contentUrl":"https:\/\/maekolga.com\/wp-content\/uploads\/2025\/01\/Mae-Kolga-talu-logo.png","width":512,"height":512,"caption":"M\u00e4e-Kolga talu O\u00dc"},"image":{"@id":"https:\/\/maekolga.com\/en\/#\/schema\/logo\/image\/"},"sameAs":["https:\/\/www.facebook.com\/maekolgatalu","https:\/\/www.instagram.com\/maekolga\/"]}]}},"jetpack_sharing_enabled":true,"_links":{"self":[{"href":"https:\/\/maekolga.com\/en\/wp-json\/wp\/v2\/pages\/1518","targetHints":{"allow":["GET"]}}],"collection":[{"href":"https:\/\/maekolga.com\/en\/wp-json\/wp\/v2\/pages"}],"about":[{"href":"https:\/\/maekolga.com\/en\/wp-json\/wp\/v2\/types\/page"}],"author":[{"embeddable":true,"href":"https:\/\/maekolga.com\/en\/wp-json\/wp\/v2\/users\/2"}],"replies":[{"embeddable":true,"href":"https:\/\/maekolga.com\/en\/wp-json\/wp\/v2\/comments?post=1518"}],"version-history":[{"count":11,"href":"https:\/\/maekolga.com\/en\/wp-json\/wp\/v2\/pages\/1518\/revisions"}],"predecessor-version":[{"id":15549,"href":"https:\/\/maekolga.com\/en\/wp-json\/wp\/v2\/pages\/1518\/revisions\/15549"}],"up":[{"embeddable":true,"href":"https:\/\/maekolga.com\/en\/wp-json\/wp\/v2\/pages\/1517"}],"wp:attachment":[{"href":"https:\/\/maekolga.com\/en\/wp-json\/wp\/v2\/media?parent=1518"}],"curies":[{"name":"wp","href":"https:\/\/api.w.org\/{rel}","templated":true}]}}