{"id":1187,"date":"2021-10-15T00:26:53","date_gmt":"2021-10-14T21:26:53","guid":{"rendered":"https:\/\/maekolga.com\/?page_id=1187"},"modified":"2024-10-11T11:05:15","modified_gmt":"2024-10-11T08:05:15","slug":"kodukord","status":"publish","type":"page","link":"https:\/\/maekolga.com\/en\/kodukord\/","title":{"rendered":"Kodukord"},"content":{"rendered":"<div data-elementor-type=\"wp-page\" data-elementor-id=\"1187\" class=\"elementor elementor-1187\">\n\t\t\t\t\t\t<section class=\"elementor-section elementor-top-section elementor-element elementor-element-f7e4dfa elementor-section-height-min-height elementor-section-boxed elementor-section-height-default elementor-section-items-middle\" data-id=\"f7e4dfa\" data-element_type=\"section\" data-settings=\"{&quot;background_background&quot;:&quot;classic&quot;}\">\n\t\t\t\t\t\t\t<div class=\"elementor-background-overlay\"><\/div>\n\t\t\t\t\t\t\t<div class=\"elementor-container elementor-column-gap-default\">\n\t\t\t\t\t<div class=\"elementor-column elementor-col-100 elementor-top-column elementor-element elementor-element-3c16bd2\" data-id=\"3c16bd2\" data-element_type=\"column\">\n\t\t\t<div class=\"elementor-widget-wrap elementor-element-populated\">\n\t\t\t\t\t\t<div class=\"elementor-element elementor-element-37e286e elementor-widget elementor-widget-heading\" data-id=\"37e286e\" data-element_type=\"widget\" data-widget_type=\"heading.default\">\n\t\t\t\t<div class=\"elementor-widget-container\">\n\t\t\t\t\t<h1 class=\"elementor-heading-title elementor-size-default\">Kodukord<\/h1>\t\t\t\t<\/div>\n\t\t\t\t<\/div>\n\t\t\t\t\t<\/div>\n\t\t<\/div>\n\t\t\t\t\t<\/div>\n\t\t<\/section>\n\t\t\t\t<section class=\"elementor-section elementor-top-section elementor-element elementor-element-5ff5cce elementor-section-stretched elementor-section-boxed elementor-section-height-default elementor-section-height-default\" data-id=\"5ff5cce\" data-element_type=\"section\" data-settings=\"{&quot;stretch_section&quot;:&quot;section-stretched&quot;}\">\n\t\t\t\t\t\t<div class=\"elementor-container elementor-column-gap-default\">\n\t\t\t\t\t<div class=\"elementor-column elementor-col-100 elementor-top-column elementor-element elementor-element-4496c60\" data-id=\"4496c60\" data-element_type=\"column\">\n\t\t\t<div class=\"elementor-widget-wrap elementor-element-populated\">\n\t\t\t\t\t\t<div class=\"elementor-element elementor-element-cb3961c elementor-widget elementor-widget-text-editor\" data-id=\"cb3961c\" data-element_type=\"widget\" data-widget_type=\"text-editor.default\">\n\t\t\t\t<div class=\"elementor-widget-container\">\n\t\t\t\t\t\t\t\t\t<p><span style=\"color: #935d37;\"><b>M\u00e4e-Kolga talu kodukord<\/b><\/span><b><br \/><\/b> <span style=\"font-weight: 400;\">1. Heaolu<\/span><span style=\"font-weight: 400;\"><br \/><\/span> <span style=\"font-weight: 400;\">2. Saabumine ja lahkumine<\/span><span style=\"font-weight: 400;\"><br \/><\/span> <span style=\"font-weight: 400;\">3. T\u00fchistamise kord<\/span><span style=\"font-weight: 400;\"><br \/><\/span> <span style=\"font-weight: 400;\">4. Kinkekaart<br \/><\/span><span style=\"font-style: inherit; color: var( --e-global-color-text );\">5. Lisad<\/span><\/p><p><span style=\"font-weight: 400;\"><br \/><\/span> <span style=\"font-weight: 400;\">M\u00e4e-Kolga talu on m\u00f5eldud privaatseks ja rahulikuks puhkuseks paaridele. Talu ei sobi rohkearvuliste p\u00e4eva k\u00fclalistega pidude v\u00f5i koosviibimiste pidamiseks. V\u00e4lja arvatud juhul, kui \u00fc\u00fcrite kogu talu kompleksi \u00fcrituse pidamiseks. T\u00e4psema info saamiseks kirjuta meile <\/span><a href=\"mailto:maekolga@gmail.com\"><span style=\"font-weight: 400;\">maekolga@gmail.com<\/span><span style=\"font-weight: 400;\"><br \/><\/span><span style=\"font-weight: 400;\"><br \/><\/span> <\/a><span style=\"font-weight: 400;\">Talu k\u00fclastav klient peab arvestama, et viibib looduslikus keskkonnas ja talu ei vastuta looduslikest tingimustest tulenevaid v\u00f5imalike ebameeldivuste eest.<\/span><span style=\"font-weight: 400;\"><br \/><\/span> <span style=\"font-weight: 400;\">Klient vastutab tuleohutuse j\u00e4rgimise eest. Grillib, teeb l\u00f5ket ja p\u00f5letab k\u00fc\u00fcnlaid selleks etten\u00e4htud kohas.<\/span><\/p><p><span style=\"color: #935d37;\"><b>1. Heaolu<\/b><span style=\"font-weight: 400;\"><br \/><\/span><\/span><span style=\"font-weight: 400;\">\u2013 K\u00fclaline kannab hoolt kompleksi korrashoiu ja puhtuse eest kogu k\u00fclastuse v\u00e4ltel.<\/span><span style=\"font-weight: 400;\"><br \/><\/span><span style=\"font-weight: 400;\">\u2013 Siseruumides on suitsetamine keelatud. Suitsetamine on lubatud v\u00e4litingimustes, selleks etten\u00e4htud ja tuhatoosiga varustatud kohtades.<\/span><span style=\"font-weight: 400;\"><br \/><\/span><b>\u2013 K\u00fcmblust\u00fcnnis on keelatud kasutada kemikaale. Sealhulgas ka \u0161ampoone, palsameid, du\u0161igeele, vannivahtu, vannisoola jne.<\/b><b><br \/><\/b><span style=\"font-weight: 400;\">\u2013 Pr\u00fcgi ja suitsukonide maha viskamine on keelatud. Palume pr\u00fcgi ja taara vista vastavasse konteinerisse.<\/span><span style=\"font-weight: 400;\"><br \/><\/span><span style=\"font-weight: 400;\"><br \/><\/span> <span style=\"font-weight: 400;\">K\u00f5igile k\u00fclastajatele M\u00e4e-Kolga talu territooriumil vaikuse ja rahu tagamiseks, kohustuvad k\u00fclalised mitte olema naabreid h\u00e4iriva k\u00f5va m\u00fcra p\u00f5hjustajad. Ei ole hea tava k\u00f5va h\u00e4\u00e4lega r\u00e4\u00e4kida, karjuda ja kiljuda. Keelatud on m\u00e4ngida muusikat v\u00f5i kuulata raadiot \u00f5ues\/terrassil. Lubatud on m\u00e4ngida muusikat ainult siseruumides.<\/span><b><br \/><\/b><span style=\"font-weight: 400;\"><br \/><\/span><span style=\"font-weight: 400;\">Lemmikloomad ei ole allergiaohu t\u00f5ttu siseruumidesse lubatud.<\/span><span style=\"font-weight: 400;\"><br \/><\/span><span style=\"font-weight: 400;\"><br \/><\/span> <span style=\"font-weight: 400;\">Kui Teil on k\u00fclastuse ajal millestki puudus v\u00f5i miski ei toimi nii nagu peaks, siis palume sellest meid teavitada, sest asja lahendamine v\u00f5ib olla v\u00e4ga lihtne ning meie soov on, et saaksite M\u00e4e-Kolga talus olemist t\u00e4iel rinnal nautida.<\/span><\/p><p><span style=\"font-weight: 400;\">L\u00f5hutud v\u00f5i purunenud inventari puhul palume samuti meid koheselt teavitada ning leiame \u00fcheskoos olukorrale lahenduse. Kahju suurusest s\u00f5ltuvalt on talul \u00f5igus esitada l\u00f5hutud inventari eest arve kahju tekitajale.<\/span><span style=\"font-weight: 400;\"><br \/><\/span><span style=\"font-weight: 400;\"><br \/><\/span><span style=\"color: #935d37;\"><b>2. Saabumine ja lahkumine<\/b><\/span><span style=\"font-weight: 400;\"><br \/><\/span><span style=\"font-weight: 400;\">Saabumine Energiapaketis on kell 17:00, lahkumine hiljemalt kell 14:00<br \/><\/span><span style=\"font-weight: 400;\">Saabumine Romantikapaketile on kell 18:00, lahkumine hiljemalt kell 15:00<br \/><\/span><span style=\"font-weight: 400;\">Saabumine Kuldpaketile on kell 16:00, lahkumine hiljemalt kell 12:00<br \/><\/span><span style=\"font-weight: 400;\"><br \/><\/span><span style=\"font-weight: 400;\">Hilisemast saabumisest palume eelnevalt teavitada ja t\u00e4psustada uus kellaaeg, et teaksime Sind oodata ning viimased asjad valmis panna.<\/span><span style=\"font-weight: 400;\"><br \/><\/span><span style=\"font-weight: 400;\"><br \/><\/span> <span style=\"font-weight: 400;\">Kuna me elame ise siin samas talus, siis tavaliselt m\u00e4rkame, kui keegi tuleb ja tuleme ise Teie auto juurde. Juhul, kui me pole Teieni 5-minuti jooksul j\u00f5udnud, siis v\u00f5ite julgelt tulla uksele koputama v\u00f5i helistada telefonil <\/span><span style=\"font-weight: 400;\"><br \/><\/span><span style=\"font-weight: 400;\">(+372) 53735537 Signe<\/span><span style=\"font-weight: 400;\"><br \/><\/span><span style=\"font-weight: 400;\">(+372) 53409567 Taavi<\/span><span style=\"font-weight: 400;\"><br \/><\/span><span style=\"font-weight: 400;\"><br \/><\/span><span style=\"color: #935d37;\"><b>3. T\u00fchistamise kord<\/b><span style=\"font-weight: 400;\"><br \/><\/span><\/span><span style=\"font-weight: 400;\">\u2013 Kuni 30 p\u00e4eva etteteatades maksame 100% rahast tagasi.<\/span><span style=\"font-weight: 400;\"><br \/><\/span><span style=\"font-weight: 400;\">\u2013 V\u00e4hem kui 14 p\u00e4eva etteteatades maksame 50% rahast tagasi.<br \/><\/span><span style=\"color: var( --e-global-color-text ); font-style: inherit;\">\u2013 V\u00e4hem kui 24 tundi ette teatades ei maksta raha tagasi.<\/span><\/p><p><span style=\"font-style: inherit; color: #935d37;\"><strong>4. Kinkekaart<\/strong><br \/><\/span>\u2013 Kinkekaart kehtib 12 (kaksteist) kuud alates selle v\u00e4ljastamise p\u00e4evast. Kinkekaardi kehtivusaeg on n\u00e4htav kinkekaardi esik\u00fcljel.<br \/>\u2013 Kinkekaardi kehtivusaega ei pikendata.<br \/>\u2013 Kinkekaart peab olema kohale tulles kliendil kaasas. M\u00e4e-Kolga talul on \u00f5igus selle ehtsust kontrollida ning v\u00f5ltsitud kinekaart konfiskeerida.<br \/>\u2013 Kinkekaart ei ole rahaks vahetatav.<br \/>\u2013 Kinkekaardiga tehtud broneeringu t\u00fchistamisel 24 tundi ette teatades on M\u00e4e-Kolga talul \u00f5igus kinkekaardi kehtivusaeg t\u00fchistada enne t\u00e4htaega.<\/p><p><span style=\"color: #935d37;\"><b>5. Lisad<\/b><span style=\"font-weight: 400;\"><br \/><\/span><\/span><span style=\"font-weight: 400;\">Reeglite rikkumise korral on O\u00dc M\u00e4e-Kolga talul \u00f5igus esitada arve vastavalt kahju suurusele.<\/span><span style=\"font-weight: 400;\"><br \/><\/span><span style=\"font-weight: 400;\">M\u00e4e-Kolga talu j\u00e4tab endale \u00f5iguse kasutada k\u00fclastajate poolt saadetud pilte ja interneti \u00fcles laetud pilte.<\/span><span style=\"font-weight: 400;\"><br \/><\/span><span style=\"font-weight: 400;\"><br \/><\/span><span style=\"font-weight: 400;\">Oleme olemas kohapeal (tule ja koputa uksele) ja telefoni teel k\u00e4ttesaadavad (+372) 53735537 Signe v\u00f5i (+372) 53409567 Taavi<\/span><\/p>\t\t\t\t\t\t\t\t<\/div>\n\t\t\t\t<\/div>\n\t\t\t\t\t<\/div>\n\t\t<\/div>\n\t\t\t\t\t<\/div>\n\t\t<\/section>\n\t\t\t\t<\/div>","protected":false},"excerpt":{"rendered":"<p>Kodukord M\u00e4e-Kolga talu kodukord 1. Heaolu 2. Saabumine ja lahkumine 3. T\u00fchistamise kord 4. Kinkekaart5. Lisad M\u00e4e-Kolga talu on m\u00f5eldud privaatseks ja rahulikuks puhkuseks paaridele. Talu ei sobi rohkearvuliste p\u00e4eva k\u00fclalistega pidude v\u00f5i koosviibimiste pidamiseks. V\u00e4lja arvatud juhul, kui \u00fc\u00fcrite kogu talu kompleksi \u00fcrituse pidamiseks. T\u00e4psema info saamiseks kirjuta meile maekolga@gmail.com Talu k\u00fclastav klient peab [&hellip;]<\/p>","protected":false},"author":2,"featured_media":0,"parent":0,"menu_order":0,"comment_status":"closed","ping_status":"closed","template":"elementor_header_footer","meta":{"site-sidebar-layout":"no-sidebar","site-content-layout":"page-builder","ast-site-content-layout":"default","site-content-style":"default","site-sidebar-style":"default","ast-global-header-display":"","ast-banner-title-visibility":"","ast-main-header-display":"","ast-hfb-above-header-display":"","ast-hfb-below-header-display":"","ast-hfb-mobile-header-display":"","site-post-title":"","ast-breadcrumbs-content":"","ast-featured-img":"","footer-sml-layout":"","theme-transparent-header-meta":"enabled","adv-header-id-meta":"","stick-header-meta":"","header-above-stick-meta":"","header-main-stick-meta":"","header-below-stick-meta":"","astra-migrate-meta-layouts":"default","ast-page-background-enabled":"default","ast-page-background-meta":{"desktop":{"background-color":"var(--ast-global-color-4)","background-image":"","background-repeat":"repeat","background-position":"center center","background-size":"auto","background-attachment":"scroll","background-type":"","background-media":"","overlay-type":"","overlay-color":"","overlay-opacity":"","overlay-gradient":""},"tablet":{"background-color":"","background-image":"","background-repeat":"repeat","background-position":"center center","background-size":"auto","background-attachment":"scroll","background-type":"","background-media":"","overlay-type":"","overlay-color":"","overlay-opacity":"","overlay-gradient":""},"mobile":{"background-color":"","background-image":"","background-repeat":"repeat","background-position":"center center","background-size":"auto","background-attachment":"scroll","background-type":"","background-media":"","overlay-type":"","overlay-color":"","overlay-opacity":"","overlay-gradient":""}},"ast-content-background-meta":{"desktop":{"background-color":"var(--ast-global-color-5)","background-image":"","background-repeat":"repeat","background-position":"center center","background-size":"auto","background-attachment":"scroll","background-type":"","background-media":"","overlay-type":"","overlay-color":"","overlay-opacity":"","overlay-gradient":""},"tablet":{"background-color":"var(--ast-global-color-5)","background-image":"","background-repeat":"repeat","background-position":"center center","background-size":"auto","background-attachment":"scroll","background-type":"","background-media":"","overlay-type":"","overlay-color":"","overlay-opacity":"","overlay-gradient":""},"mobile":{"background-color":"var(--ast-global-color-5)","background-image":"","background-repeat":"repeat","background-position":"center center","background-size":"auto","background-attachment":"scroll","background-type":"","background-media":"","overlay-type":"","overlay-color":"","overlay-opacity":"","overlay-gradient":""}},"footnotes":""},"class_list":["post-1187","page","type-page","status-publish","hentry"],"yoast_head":"<!-- This site is optimized with the Yoast SEO plugin v26.0 - https:\/\/yoast.com\/wordpress\/plugins\/seo\/ -->\n<title>Kodukord - M\u00e4e-Kolga talu<\/title>\n<meta name=\"robots\" content=\"index, follow, max-snippet:-1, max-image-preview:large, max-video-preview:-1\" \/>\n<link rel=\"canonical\" href=\"https:\/\/maekolga.com\/en\/kodukord\/\" \/>\n<meta property=\"og:locale\" content=\"en_GB\" \/>\n<meta property=\"og:type\" content=\"article\" \/>\n<meta property=\"og:title\" content=\"Kodukord - M\u00e4e-Kolga talu\" \/>\n<meta property=\"og:description\" content=\"Kodukord M\u00e4e-Kolga talu kodukord 1. Heaolu 2. Saabumine ja lahkumine 3. T\u00fchistamise kord 4. Kinkekaart5. Lisad M\u00e4e-Kolga talu on m\u00f5eldud privaatseks ja rahulikuks puhkuseks paaridele. Talu ei sobi rohkearvuliste p\u00e4eva k\u00fclalistega pidude v\u00f5i koosviibimiste pidamiseks. V\u00e4lja arvatud juhul, kui \u00fc\u00fcrite kogu talu kompleksi \u00fcrituse pidamiseks. T\u00e4psema info saamiseks kirjuta meile maekolga@gmail.com Talu k\u00fclastav klient peab [&hellip;]\" \/>\n<meta property=\"og:url\" content=\"https:\/\/maekolga.com\/en\/kodukord\/\" \/>\n<meta property=\"og:site_name\" content=\"M\u00e4e-Kolga talu\" \/>\n<meta property=\"article:publisher\" content=\"https:\/\/www.facebook.com\/maekolgatalu\" \/>\n<meta property=\"article:modified_time\" content=\"2024-10-11T08:05:15+00:00\" \/>\n<meta name=\"twitter:card\" content=\"summary_large_image\" \/>\n<meta name=\"twitter:label1\" content=\"Estimated reading time\" \/>\n\t<meta name=\"twitter:data1\" content=\"3 minutes\" \/>\n<script type=\"application\/ld+json\" class=\"yoast-schema-graph\">{\"@context\":\"https:\/\/schema.org\",\"@graph\":[{\"@type\":\"WebPage\",\"@id\":\"https:\/\/maekolga.com\/kodukord\/\",\"url\":\"https:\/\/maekolga.com\/kodukord\/\",\"name\":\"Kodukord - M\u00e4e-Kolga talu\",\"isPartOf\":{\"@id\":\"https:\/\/maekolga.com\/en\/#website\"},\"datePublished\":\"2021-10-14T21:26:53+00:00\",\"dateModified\":\"2024-10-11T08:05:15+00:00\",\"breadcrumb\":{\"@id\":\"https:\/\/maekolga.com\/kodukord\/#breadcrumb\"},\"inLanguage\":\"en-GB\",\"potentialAction\":[{\"@type\":\"ReadAction\",\"target\":[\"https:\/\/maekolga.com\/kodukord\/\"]}]},{\"@type\":\"BreadcrumbList\",\"@id\":\"https:\/\/maekolga.com\/kodukord\/#breadcrumb\",\"itemListElement\":[{\"@type\":\"ListItem\",\"position\":1,\"name\":\"Home\",\"item\":\"https:\/\/maekolga.com\/\"},{\"@type\":\"ListItem\",\"position\":2,\"name\":\"Kodukord\"}]},{\"@type\":\"WebSite\",\"@id\":\"https:\/\/maekolga.com\/en\/#website\",\"url\":\"https:\/\/maekolga.com\/en\/\",\"name\":\"M\u00e4e-Kolga talu\",\"description\":\"romantiline majutus L\u00f5una-Eestis\",\"publisher\":{\"@id\":\"https:\/\/maekolga.com\/en\/#organization\"},\"potentialAction\":[{\"@type\":\"SearchAction\",\"target\":{\"@type\":\"EntryPoint\",\"urlTemplate\":\"https:\/\/maekolga.com\/en\/?s={search_term_string}\"},\"query-input\":{\"@type\":\"PropertyValueSpecification\",\"valueRequired\":true,\"valueName\":\"search_term_string\"}}],\"inLanguage\":\"en-GB\"},{\"@type\":\"Organization\",\"@id\":\"https:\/\/maekolga.com\/en\/#organization\",\"name\":\"M\u00e4e-Kolga talu O\u00dc\",\"url\":\"https:\/\/maekolga.com\/en\/\",\"logo\":{\"@type\":\"ImageObject\",\"inLanguage\":\"en-GB\",\"@id\":\"https:\/\/maekolga.com\/en\/#\/schema\/logo\/image\/\",\"url\":\"https:\/\/maekolga.com\/wp-content\/uploads\/2025\/01\/Mae-Kolga-talu-logo.png\",\"contentUrl\":\"https:\/\/maekolga.com\/wp-content\/uploads\/2025\/01\/Mae-Kolga-talu-logo.png\",\"width\":512,\"height\":512,\"caption\":\"M\u00e4e-Kolga talu O\u00dc\"},\"image\":{\"@id\":\"https:\/\/maekolga.com\/en\/#\/schema\/logo\/image\/\"},\"sameAs\":[\"https:\/\/www.facebook.com\/maekolgatalu\",\"https:\/\/www.instagram.com\/maekolga\/\"]}]}<\/script>\n<!-- \/ Yoast SEO plugin. -->","yoast_head_json":{"title":"Kodukord - M\u00e4e-Kolga talu","robots":{"index":"index","follow":"follow","max-snippet":"max-snippet:-1","max-image-preview":"max-image-preview:large","max-video-preview":"max-video-preview:-1"},"canonical":"https:\/\/maekolga.com\/en\/kodukord\/","og_locale":"en_GB","og_type":"article","og_title":"Kodukord - M\u00e4e-Kolga talu","og_description":"Kodukord M\u00e4e-Kolga talu kodukord 1. Heaolu 2. Saabumine ja lahkumine 3. T\u00fchistamise kord 4. Kinkekaart5. Lisad M\u00e4e-Kolga talu on m\u00f5eldud privaatseks ja rahulikuks puhkuseks paaridele. Talu ei sobi rohkearvuliste p\u00e4eva k\u00fclalistega pidude v\u00f5i koosviibimiste pidamiseks. V\u00e4lja arvatud juhul, kui \u00fc\u00fcrite kogu talu kompleksi \u00fcrituse pidamiseks. T\u00e4psema info saamiseks kirjuta meile maekolga@gmail.com Talu k\u00fclastav klient peab [&hellip;]","og_url":"https:\/\/maekolga.com\/en\/kodukord\/","og_site_name":"M\u00e4e-Kolga talu","article_publisher":"https:\/\/www.facebook.com\/maekolgatalu","article_modified_time":"2024-10-11T08:05:15+00:00","twitter_card":"summary_large_image","twitter_misc":{"Estimated reading time":"3 minutes"},"schema":{"@context":"https:\/\/schema.org","@graph":[{"@type":"WebPage","@id":"https:\/\/maekolga.com\/kodukord\/","url":"https:\/\/maekolga.com\/kodukord\/","name":"Kodukord - M\u00e4e-Kolga talu","isPartOf":{"@id":"https:\/\/maekolga.com\/en\/#website"},"datePublished":"2021-10-14T21:26:53+00:00","dateModified":"2024-10-11T08:05:15+00:00","breadcrumb":{"@id":"https:\/\/maekolga.com\/kodukord\/#breadcrumb"},"inLanguage":"en-GB","potentialAction":[{"@type":"ReadAction","target":["https:\/\/maekolga.com\/kodukord\/"]}]},{"@type":"BreadcrumbList","@id":"https:\/\/maekolga.com\/kodukord\/#breadcrumb","itemListElement":[{"@type":"ListItem","position":1,"name":"Home","item":"https:\/\/maekolga.com\/"},{"@type":"ListItem","position":2,"name":"Kodukord"}]},{"@type":"WebSite","@id":"https:\/\/maekolga.com\/en\/#website","url":"https:\/\/maekolga.com\/en\/","name":"M\u00e4e-Kolga talu","description":"romantiline majutus L\u00f5una-Eestis","publisher":{"@id":"https:\/\/maekolga.com\/en\/#organization"},"potentialAction":[{"@type":"SearchAction","target":{"@type":"EntryPoint","urlTemplate":"https:\/\/maekolga.com\/en\/?s={search_term_string}"},"query-input":{"@type":"PropertyValueSpecification","valueRequired":true,"valueName":"search_term_string"}}],"inLanguage":"en-GB"},{"@type":"Organization","@id":"https:\/\/maekolga.com\/en\/#organization","name":"M\u00e4e-Kolga talu O\u00dc","url":"https:\/\/maekolga.com\/en\/","logo":{"@type":"ImageObject","inLanguage":"en-GB","@id":"https:\/\/maekolga.com\/en\/#\/schema\/logo\/image\/","url":"https:\/\/maekolga.com\/wp-content\/uploads\/2025\/01\/Mae-Kolga-talu-logo.png","contentUrl":"https:\/\/maekolga.com\/wp-content\/uploads\/2025\/01\/Mae-Kolga-talu-logo.png","width":512,"height":512,"caption":"M\u00e4e-Kolga talu O\u00dc"},"image":{"@id":"https:\/\/maekolga.com\/en\/#\/schema\/logo\/image\/"},"sameAs":["https:\/\/www.facebook.com\/maekolgatalu","https:\/\/www.instagram.com\/maekolga\/"]}]}},"jetpack_sharing_enabled":true,"_links":{"self":[{"href":"https:\/\/maekolga.com\/en\/wp-json\/wp\/v2\/pages\/1187","targetHints":{"allow":["GET"]}}],"collection":[{"href":"https:\/\/maekolga.com\/en\/wp-json\/wp\/v2\/pages"}],"about":[{"href":"https:\/\/maekolga.com\/en\/wp-json\/wp\/v2\/types\/page"}],"author":[{"embeddable":true,"href":"https:\/\/maekolga.com\/en\/wp-json\/wp\/v2\/users\/2"}],"replies":[{"embeddable":true,"href":"https:\/\/maekolga.com\/en\/wp-json\/wp\/v2\/comments?post=1187"}],"version-history":[{"count":70,"href":"https:\/\/maekolga.com\/en\/wp-json\/wp\/v2\/pages\/1187\/revisions"}],"predecessor-version":[{"id":15503,"href":"https:\/\/maekolga.com\/en\/wp-json\/wp\/v2\/pages\/1187\/revisions\/15503"}],"wp:attachment":[{"href":"https:\/\/maekolga.com\/en\/wp-json\/wp\/v2\/media?parent=1187"}],"curies":[{"name":"wp","href":"https:\/\/api.w.org\/{rel}","templated":true}]}}